{"id":524,"date":"2026-01-04T00:24:42","date_gmt":"2026-01-03T23:24:42","guid":{"rendered":"https:\/\/motele4.com\/?page_id=524"},"modified":"2026-03-01T21:14:04","modified_gmt":"2026-03-01T20:14:04","slug":"moments-in-pictures","status":"publish","type":"page","link":"https:\/\/motele4.com\/sv\/moments-in-pictures\/","title":{"rendered":"\u00d6gonblick i bilder"},"content":{"rendered":"<section class=\"wp-block-group alignfull has-base-background-color has-background has-global-padding is-layout-constrained wp-container-core-group-is-layout-8aea5c0f wp-block-group-is-layout-constrained\" style=\"margin-top:0;margin-bottom:0;padding-top:var(--wp--preset--spacing--xx-large);padding-right:var(--wp--preset--spacing--medium);padding-bottom:var(--wp--preset--spacing--xx-large);padding-left:var(--wp--preset--spacing--medium)\">\n<div class=\"wp-block-columns alignwide is-layout-flex wp-container-core-columns-is-layout-28f84493 wp-block-columns-is-layout-flex\">\n<div class=\"wp-block-column is-vertically-aligned-top is-layout-flow wp-block-column-is-layout-flow\">\n<h2 class=\"wp-block-heading\" style=\"font-size:clamp(1.976rem, 1.976rem + ((1vw - 0.2rem) * 2.594), 3.5rem);\">\u00d6gonblick i bilder<\/h2>\n<\/div>\n\n\n\n<div class=\"wp-block-column is-vertically-aligned-bottom is-layout-flow wp-block-column-is-layout-flow\">\n<p>Upplev den stillsamma charmen p\u00e5 Motel e4. Fr\u00e5n v\u00e5ra blomstrande, lekfulla tr\u00e4dg\u00e5rdar till solvarma uteplatser \u2013 dessa bilder f\u00e5ngar den harmoniska atmosf\u00e4ren h\u00e4r hos oss i Stavsj\u00f6. Vi hoppas att de inspirerar dig att bes\u00f6ka oss och skapa egna of\u00f6rgl\u00f6mliga minnen.<\/p>\n<\/div>\n<\/div>\n\n\n\n<figure class=\"wp-block-gallery alignwide has-nested-images columns-3 wp-block-gallery-1 is-layout-flex wp-block-gallery-is-layout-flex\" style=\"border-top-left-radius:20px;border-top-right-radius:20px;border-bottom-left-radius:20px;border-bottom-right-radius:20px\">\n<figure class=\"wp-block-image size-full has-custom-border\"><img loading=\"lazy\" decoding=\"async\" width=\"1512\" height=\"2016\" data-id=\"521\" src=\"https:\/\/motele4.com\/wp-content\/uploads\/2026\/01\/13.webp\" alt=\"A creative garden display at Motel E4 featuring an upside-down blue umbrella used as a flower planter, set on a green lawn with a wheelbarrow planter and lush forest in the background.\" class=\"wp-image-521\" style=\"border-top-left-radius:20px;border-top-right-radius:20px;border-bottom-left-radius:70px;border-bottom-right-radius:20px\" srcset=\"https:\/\/motele4.com\/wp-content\/uploads\/2026\/01\/13.webp 1512w, https:\/\/motele4.com\/wp-content\/uploads\/2026\/01\/13-225x300.webp 225w, https:\/\/motele4.com\/wp-content\/uploads\/2026\/01\/13-768x1024.webp 768w, https:\/\/motele4.com\/wp-content\/uploads\/2026\/01\/13-1152x1536.webp 1152w, https:\/\/motele4.com\/wp-content\/uploads\/2026\/01\/13-9x12.webp 9w\" sizes=\"auto, (max-width: 1512px) 100vw, 1512px\" \/><\/figure>\n\n\n\n<figure class=\"wp-block-image size-full has-custom-border\"><img loading=\"lazy\" decoding=\"async\" width=\"1512\" height=\"2016\" data-id=\"506\" src=\"https:\/\/motele4.com\/wp-content\/uploads\/2026\/01\/17.webp\" alt=\"A scenic outdoor area at Motel E4, featuring a red picnic table in the foreground, a large green lawn, and the yellow motel building under a clear blue sky.\" class=\"wp-image-506\" style=\"border-top-left-radius:20px;border-top-right-radius:70px;border-bottom-left-radius:20px;border-bottom-right-radius:20px\" srcset=\"https:\/\/motele4.com\/wp-content\/uploads\/2026\/01\/17.webp 1512w, https:\/\/motele4.com\/wp-content\/uploads\/2026\/01\/17-225x300.webp 225w, https:\/\/motele4.com\/wp-content\/uploads\/2026\/01\/17-768x1024.webp 768w, https:\/\/motele4.com\/wp-content\/uploads\/2026\/01\/17-1152x1536.webp 1152w, https:\/\/motele4.com\/wp-content\/uploads\/2026\/01\/17-9x12.webp 9w\" sizes=\"auto, (max-width: 1512px) 100vw, 1512px\" \/><\/figure>\n\n\n\n<figure class=\"wp-block-image size-full has-custom-border\"><img loading=\"lazy\" decoding=\"async\" width=\"1512\" height=\"2016\" data-id=\"509\" src=\"https:\/\/motele4.com\/wp-content\/uploads\/2026\/01\/20.webp\" alt=\"The inviting main entrance of Motel e4, featuring a white wooden porch decorated with hanging flowers, stone steps, and a cozy seating area.\" class=\"wp-image-509\" style=\"border-top-left-radius:20px;border-top-right-radius:70px;border-bottom-left-radius:20px;border-bottom-right-radius:20px\" srcset=\"https:\/\/motele4.com\/wp-content\/uploads\/2026\/01\/20.webp 1512w, https:\/\/motele4.com\/wp-content\/uploads\/2026\/01\/20-225x300.webp 225w, https:\/\/motele4.com\/wp-content\/uploads\/2026\/01\/20-768x1024.webp 768w, https:\/\/motele4.com\/wp-content\/uploads\/2026\/01\/20-1152x1536.webp 1152w, https:\/\/motele4.com\/wp-content\/uploads\/2026\/01\/20-9x12.webp 9w\" sizes=\"auto, (max-width: 1512px) 100vw, 1512px\" \/><\/figure>\n\n\n\n<figure class=\"wp-block-image size-full has-custom-border\"><img loading=\"lazy\" decoding=\"async\" width=\"1512\" height=\"2016\" data-id=\"512\" src=\"https:\/\/motele4.com\/wp-content\/uploads\/2026\/01\/4.webp\" alt=\"View from a balcony at Motel E4 overlooking a lush green lawn with a cozy seating area and vibrant yellow and red flowers in a balcony planter.\" class=\"wp-image-512\" style=\"border-top-left-radius:20px;border-top-right-radius:70px;border-bottom-left-radius:20px;border-bottom-right-radius:20px\" srcset=\"https:\/\/motele4.com\/wp-content\/uploads\/2026\/01\/4.webp 1512w, https:\/\/motele4.com\/wp-content\/uploads\/2026\/01\/4-225x300.webp 225w, https:\/\/motele4.com\/wp-content\/uploads\/2026\/01\/4-768x1024.webp 768w, https:\/\/motele4.com\/wp-content\/uploads\/2026\/01\/4-1152x1536.webp 1152w, https:\/\/motele4.com\/wp-content\/uploads\/2026\/01\/4-9x12.webp 9w\" sizes=\"auto, (max-width: 1512px) 100vw, 1512px\" \/><\/figure>\n\n\n\n<figure class=\"wp-block-image size-full has-custom-border\"><img loading=\"lazy\" decoding=\"async\" width=\"1512\" height=\"2016\" data-id=\"511\" src=\"https:\/\/motele4.com\/wp-content\/uploads\/2026\/01\/3.webp\" alt=\"A serene view of a calm lake near Motel E4, featuring gentle ripples on the water and a lush, forested shoreline in the distance.\" class=\"wp-image-511\" style=\"border-top-left-radius:20px;border-top-right-radius:70px;border-bottom-left-radius:20px;border-bottom-right-radius:20px\" srcset=\"https:\/\/motele4.com\/wp-content\/uploads\/2026\/01\/3.webp 1512w, https:\/\/motele4.com\/wp-content\/uploads\/2026\/01\/3-225x300.webp 225w, https:\/\/motele4.com\/wp-content\/uploads\/2026\/01\/3-768x1024.webp 768w, https:\/\/motele4.com\/wp-content\/uploads\/2026\/01\/3-1152x1536.webp 1152w, https:\/\/motele4.com\/wp-content\/uploads\/2026\/01\/3-9x12.webp 9w\" sizes=\"auto, (max-width: 1512px) 100vw, 1512px\" \/><\/figure>\n\n\n\n<figure class=\"wp-block-image size-full has-custom-border\"><img loading=\"lazy\" decoding=\"async\" width=\"1512\" height=\"2016\" data-id=\"508\" src=\"https:\/\/motele4.com\/wp-content\/uploads\/2026\/01\/19.webp\" alt=\"A peaceful outdoor seating area at Motel E4 featuring a wooden picnic table, a large stone monument, and a spacious green lawn under a sunny, cloud-filled sky.\" class=\"wp-image-508\" style=\"border-top-left-radius:20px;border-top-right-radius:70px;border-bottom-left-radius:20px;border-bottom-right-radius:20px\" srcset=\"https:\/\/motele4.com\/wp-content\/uploads\/2026\/01\/19.webp 1512w, https:\/\/motele4.com\/wp-content\/uploads\/2026\/01\/19-225x300.webp 225w, https:\/\/motele4.com\/wp-content\/uploads\/2026\/01\/19-768x1024.webp 768w, https:\/\/motele4.com\/wp-content\/uploads\/2026\/01\/19-1152x1536.webp 1152w, https:\/\/motele4.com\/wp-content\/uploads\/2026\/01\/19-9x12.webp 9w\" sizes=\"auto, (max-width: 1512px) 100vw, 1512px\" \/><\/figure>\n\n\n\n<figure class=\"wp-block-image size-full has-custom-border\"><img loading=\"lazy\" decoding=\"async\" width=\"1512\" height=\"2016\" data-id=\"522\" src=\"https:\/\/motele4.com\/wp-content\/uploads\/2026\/01\/14.webp\" alt=\"The yellow wooden exterior of Motel E4, showing guest rooms with private patios decorated with pink curtains and a sunny lawn under a blue sky.\" class=\"wp-image-522\" style=\"border-top-left-radius:20px;border-top-right-radius:20px;border-bottom-left-radius:70px;border-bottom-right-radius:20px\" srcset=\"https:\/\/motele4.com\/wp-content\/uploads\/2026\/01\/14.webp 1512w, https:\/\/motele4.com\/wp-content\/uploads\/2026\/01\/14-225x300.webp 225w, https:\/\/motele4.com\/wp-content\/uploads\/2026\/01\/14-768x1024.webp 768w, https:\/\/motele4.com\/wp-content\/uploads\/2026\/01\/14-1152x1536.webp 1152w, https:\/\/motele4.com\/wp-content\/uploads\/2026\/01\/14-9x12.webp 9w\" sizes=\"auto, (max-width: 1512px) 100vw, 1512px\" \/><\/figure>\n\n\n\n<figure class=\"wp-block-image size-full has-custom-border\"><img loading=\"lazy\" decoding=\"async\" width=\"1512\" height=\"2016\" data-id=\"505\" src=\"https:\/\/motele4.com\/wp-content\/uploads\/2026\/01\/1.webp\" alt=\"A charming garden display at Motel E4 featuring a small blue decorative pond with artificial water lilies, surrounded by swan figurines, bark mulch, and various potted flowers.\" class=\"wp-image-505\" style=\"border-top-left-radius:20px;border-top-right-radius:70px;border-bottom-left-radius:20px;border-bottom-right-radius:20px\" srcset=\"https:\/\/motele4.com\/wp-content\/uploads\/2026\/01\/1.webp 1512w, https:\/\/motele4.com\/wp-content\/uploads\/2026\/01\/1-225x300.webp 225w, https:\/\/motele4.com\/wp-content\/uploads\/2026\/01\/1-768x1024.webp 768w, https:\/\/motele4.com\/wp-content\/uploads\/2026\/01\/1-1152x1536.webp 1152w, https:\/\/motele4.com\/wp-content\/uploads\/2026\/01\/1-9x12.webp 9w\" sizes=\"auto, (max-width: 1512px) 100vw, 1512px\" \/><\/figure>\n\n\n\n<figure class=\"wp-block-image size-full has-custom-border\"><img loading=\"lazy\" decoding=\"async\" width=\"1512\" height=\"2016\" data-id=\"518\" src=\"https:\/\/motele4.com\/wp-content\/uploads\/2026\/01\/10.webp\" alt=\"A green wheelbarrow repurposed as a decorative planter with vibrant pink flowers, set beside a spacious lawn with a basketball hoop at Motel E4.\" class=\"wp-image-518\" style=\"border-top-left-radius:20px;border-top-right-radius:20px;border-bottom-left-radius:70px;border-bottom-right-radius:20px\" srcset=\"https:\/\/motele4.com\/wp-content\/uploads\/2026\/01\/10.webp 1512w, https:\/\/motele4.com\/wp-content\/uploads\/2026\/01\/10-225x300.webp 225w, https:\/\/motele4.com\/wp-content\/uploads\/2026\/01\/10-768x1024.webp 768w, https:\/\/motele4.com\/wp-content\/uploads\/2026\/01\/10-1152x1536.webp 1152w, https:\/\/motele4.com\/wp-content\/uploads\/2026\/01\/10-9x12.webp 9w\" sizes=\"auto, (max-width: 1512px) 100vw, 1512px\" \/><\/figure>\n\n\n\n<figure class=\"wp-block-image size-full has-custom-border\"><img loading=\"lazy\" decoding=\"async\" width=\"1512\" height=\"2016\" data-id=\"510\" src=\"https:\/\/motele4.com\/wp-content\/uploads\/2026\/01\/2.webp\" alt=\"Two Swedish flag pennants flying high over a scenic view of the lush greenery and local houses surrounding Motel E4 in Stavsj\u00f6.\" class=\"wp-image-510\" style=\"border-top-left-radius:20px;border-top-right-radius:70px;border-bottom-left-radius:20px;border-bottom-right-radius:20px\" srcset=\"https:\/\/motele4.com\/wp-content\/uploads\/2026\/01\/2.webp 1512w, https:\/\/motele4.com\/wp-content\/uploads\/2026\/01\/2-225x300.webp 225w, https:\/\/motele4.com\/wp-content\/uploads\/2026\/01\/2-768x1024.webp 768w, https:\/\/motele4.com\/wp-content\/uploads\/2026\/01\/2-1152x1536.webp 1152w, https:\/\/motele4.com\/wp-content\/uploads\/2026\/01\/2-9x12.webp 9w\" sizes=\"auto, (max-width: 1512px) 100vw, 1512px\" \/><\/figure>\n\n\n\n<figure class=\"wp-block-image size-full has-custom-border\"><img loading=\"lazy\" decoding=\"async\" width=\"1512\" height=\"2016\" data-id=\"513\" src=\"https:\/\/motele4.com\/wp-content\/uploads\/2026\/01\/5.webp\" alt=\"The welcoming exterior of Motel E4 in Stavsj\u00f6, featuring a bright yellow building with its red and white sign, a cozy white porch, and a sunny lawn with seating.\" class=\"wp-image-513\" style=\"border-top-left-radius:20px;border-top-right-radius:20px;border-bottom-left-radius:70px;border-bottom-right-radius:20px\" srcset=\"https:\/\/motele4.com\/wp-content\/uploads\/2026\/01\/5.webp 1512w, https:\/\/motele4.com\/wp-content\/uploads\/2026\/01\/5-225x300.webp 225w, https:\/\/motele4.com\/wp-content\/uploads\/2026\/01\/5-768x1024.webp 768w, https:\/\/motele4.com\/wp-content\/uploads\/2026\/01\/5-1152x1536.webp 1152w, https:\/\/motele4.com\/wp-content\/uploads\/2026\/01\/5-9x12.webp 9w\" sizes=\"auto, (max-width: 1512px) 100vw, 1512px\" \/><\/figure>\n\n\n\n<figure class=\"wp-block-image size-full has-custom-border\"><img loading=\"lazy\" decoding=\"async\" width=\"1512\" height=\"2016\" data-id=\"514\" src=\"https:\/\/motele4.com\/wp-content\/uploads\/2026\/01\/6.webp\" alt=\"A colorful garden feature at Motel E4, showcasing a bright blue decorative pond with artificial water lilies, surrounded by vibrant red geraniums and other potted flowers.\" class=\"wp-image-514\" style=\"border-top-left-radius:20px;border-top-right-radius:20px;border-bottom-left-radius:70px;border-bottom-right-radius:20px\" srcset=\"https:\/\/motele4.com\/wp-content\/uploads\/2026\/01\/6.webp 1512w, https:\/\/motele4.com\/wp-content\/uploads\/2026\/01\/6-225x300.webp 225w, https:\/\/motele4.com\/wp-content\/uploads\/2026\/01\/6-768x1024.webp 768w, https:\/\/motele4.com\/wp-content\/uploads\/2026\/01\/6-1152x1536.webp 1152w, https:\/\/motele4.com\/wp-content\/uploads\/2026\/01\/6-9x12.webp 9w\" sizes=\"auto, (max-width: 1512px) 100vw, 1512px\" \/><\/figure>\n\n\n\n<figure class=\"wp-block-image size-full has-custom-border\"><img loading=\"lazy\" decoding=\"async\" width=\"1512\" height=\"2016\" data-id=\"520\" src=\"https:\/\/motele4.com\/wp-content\/uploads\/2026\/01\/12.webp\" alt=\"A serene garden scene at Motel E4 featuring a lush green lawn, various decorative flower planters including a green wheelbarrow, and a rustic wooden bench under a sunny sky.\" class=\"wp-image-520\" style=\"border-top-left-radius:20px;border-top-right-radius:20px;border-bottom-left-radius:70px;border-bottom-right-radius:20px\" srcset=\"https:\/\/motele4.com\/wp-content\/uploads\/2026\/01\/12.webp 1512w, https:\/\/motele4.com\/wp-content\/uploads\/2026\/01\/12-225x300.webp 225w, https:\/\/motele4.com\/wp-content\/uploads\/2026\/01\/12-768x1024.webp 768w, https:\/\/motele4.com\/wp-content\/uploads\/2026\/01\/12-1152x1536.webp 1152w, https:\/\/motele4.com\/wp-content\/uploads\/2026\/01\/12-9x12.webp 9w\" sizes=\"auto, (max-width: 1512px) 100vw, 1512px\" \/><\/figure>\n\n\n\n<figure class=\"wp-block-image size-full has-custom-border\"><img loading=\"lazy\" decoding=\"async\" width=\"1512\" height=\"2016\" data-id=\"507\" src=\"https:\/\/motele4.com\/wp-content\/uploads\/2026\/01\/18.webp\" alt=\"An evening view of the illuminated Motel E4 entrance, featuring its large red and white sign and a child playfully posing on the stone steps of the front porch.\" class=\"wp-image-507\" style=\"border-top-left-radius:20px;border-top-right-radius:70px;border-bottom-left-radius:20px;border-bottom-right-radius:20px\" srcset=\"https:\/\/motele4.com\/wp-content\/uploads\/2026\/01\/18.webp 1512w, https:\/\/motele4.com\/wp-content\/uploads\/2026\/01\/18-225x300.webp 225w, https:\/\/motele4.com\/wp-content\/uploads\/2026\/01\/18-768x1024.webp 768w, https:\/\/motele4.com\/wp-content\/uploads\/2026\/01\/18-1152x1536.webp 1152w, https:\/\/motele4.com\/wp-content\/uploads\/2026\/01\/18-9x12.webp 9w\" sizes=\"auto, (max-width: 1512px) 100vw, 1512px\" \/><\/figure>\n\n\n\n<figure class=\"wp-block-image size-full has-custom-border\"><img loading=\"lazy\" decoding=\"async\" width=\"1512\" height=\"2016\" data-id=\"517\" src=\"https:\/\/motele4.com\/wp-content\/uploads\/2026\/01\/9.webp\" alt=\"A tranquil garden area at Motel E4 featuring a stone path, blue flower pots, purple seating, and a lush forest background.\" class=\"wp-image-517\" style=\"border-top-left-radius:20px;border-top-right-radius:20px;border-bottom-left-radius:70px;border-bottom-right-radius:20px\" srcset=\"https:\/\/motele4.com\/wp-content\/uploads\/2026\/01\/9.webp 1512w, https:\/\/motele4.com\/wp-content\/uploads\/2026\/01\/9-225x300.webp 225w, https:\/\/motele4.com\/wp-content\/uploads\/2026\/01\/9-768x1024.webp 768w, https:\/\/motele4.com\/wp-content\/uploads\/2026\/01\/9-1152x1536.webp 1152w, https:\/\/motele4.com\/wp-content\/uploads\/2026\/01\/9-9x12.webp 9w\" sizes=\"auto, (max-width: 1512px) 100vw, 1512px\" \/><\/figure>\n\n\n\n<figure class=\"wp-block-image size-full has-custom-border\"><img loading=\"lazy\" decoding=\"async\" width=\"1512\" height=\"2016\" data-id=\"515\" src=\"https:\/\/motele4.com\/wp-content\/uploads\/2026\/01\/7.webp\" alt=\"A cozy dark brown wooden cabin (unit 18) at Motel E4 featuring a light green door, a small wooden porch, and a traditional stone monument in the foreground.\" class=\"wp-image-515\" style=\"border-top-left-radius:20px;border-top-right-radius:20px;border-bottom-left-radius:70px;border-bottom-right-radius:20px\" srcset=\"https:\/\/motele4.com\/wp-content\/uploads\/2026\/01\/7.webp 1512w, https:\/\/motele4.com\/wp-content\/uploads\/2026\/01\/7-225x300.webp 225w, https:\/\/motele4.com\/wp-content\/uploads\/2026\/01\/7-768x1024.webp 768w, https:\/\/motele4.com\/wp-content\/uploads\/2026\/01\/7-1152x1536.webp 1152w, https:\/\/motele4.com\/wp-content\/uploads\/2026\/01\/7-9x12.webp 9w\" sizes=\"auto, (max-width: 1512px) 100vw, 1512px\" \/><\/figure>\n\n\n\n<figure class=\"wp-block-image size-full has-custom-border\"><img loading=\"lazy\" decoding=\"async\" width=\"1512\" height=\"2016\" data-id=\"516\" src=\"https:\/\/motele4.com\/wp-content\/uploads\/2026\/01\/8.webp\" alt=\"The yellow exterior of Motel E4 in Stavsj\u00f6, showing ground-floor guest rooms with private wooden decks and the motel's red and white signage.\" class=\"wp-image-516\" style=\"border-top-left-radius:20px;border-top-right-radius:20px;border-bottom-left-radius:70px;border-bottom-right-radius:20px\" srcset=\"https:\/\/motele4.com\/wp-content\/uploads\/2026\/01\/8.webp 1512w, https:\/\/motele4.com\/wp-content\/uploads\/2026\/01\/8-225x300.webp 225w, https:\/\/motele4.com\/wp-content\/uploads\/2026\/01\/8-768x1024.webp 768w, https:\/\/motele4.com\/wp-content\/uploads\/2026\/01\/8-1152x1536.webp 1152w, https:\/\/motele4.com\/wp-content\/uploads\/2026\/01\/8-9x12.webp 9w\" sizes=\"auto, (max-width: 1512px) 100vw, 1512px\" \/><\/figure>\n\n\n\n<figure class=\"wp-block-image size-full has-custom-border\"><img loading=\"lazy\" decoding=\"async\" width=\"1512\" height=\"2016\" data-id=\"503\" src=\"https:\/\/motele4.com\/wp-content\/uploads\/2026\/01\/16.webp\" alt=\"A row of private guest room patios at Motel E4, featuring yellow wooden walls, decorative pink curtains, wooden privacy screens, and a paved walkway.\" class=\"wp-image-503\" style=\"border-top-left-radius:20px;border-top-right-radius:70px;border-bottom-left-radius:20px;border-bottom-right-radius:20px\" srcset=\"https:\/\/motele4.com\/wp-content\/uploads\/2026\/01\/16.webp 1512w, https:\/\/motele4.com\/wp-content\/uploads\/2026\/01\/16-225x300.webp 225w, https:\/\/motele4.com\/wp-content\/uploads\/2026\/01\/16-768x1024.webp 768w, https:\/\/motele4.com\/wp-content\/uploads\/2026\/01\/16-1152x1536.webp 1152w, https:\/\/motele4.com\/wp-content\/uploads\/2026\/01\/16-9x12.webp 9w\" sizes=\"auto, (max-width: 1512px) 100vw, 1512px\" \/><\/figure>\n\n\n\n<figure class=\"wp-block-image size-full has-custom-border\"><img loading=\"lazy\" decoding=\"async\" width=\"1512\" height=\"2016\" data-id=\"519\" src=\"https:\/\/motele4.com\/wp-content\/uploads\/2026\/01\/11.webp\" alt=\"A peaceful garden scene at Motel E4 featuring vibrant red dahlias in a pot and a rustic white wooden bench decorated with bird figurines, set against a lush forest backdrop.\" class=\"wp-image-519\" style=\"border-top-left-radius:20px;border-top-right-radius:20px;border-bottom-left-radius:70px;border-bottom-right-radius:20px\" srcset=\"https:\/\/motele4.com\/wp-content\/uploads\/2026\/01\/11.webp 1512w, https:\/\/motele4.com\/wp-content\/uploads\/2026\/01\/11-225x300.webp 225w, https:\/\/motele4.com\/wp-content\/uploads\/2026\/01\/11-768x1024.webp 768w, https:\/\/motele4.com\/wp-content\/uploads\/2026\/01\/11-1152x1536.webp 1152w, https:\/\/motele4.com\/wp-content\/uploads\/2026\/01\/11-9x12.webp 9w\" sizes=\"auto, (max-width: 1512px) 100vw, 1512px\" \/><\/figure>\n\n\n\n<figure class=\"wp-block-image size-full has-custom-border\"><img loading=\"lazy\" decoding=\"async\" width=\"1512\" height=\"2016\" data-id=\"523\" src=\"https:\/\/motele4.com\/wp-content\/uploads\/2026\/01\/15.webp\" alt=\"Outdoor view of the yellow guest rooms at Motel E4, featuring private patios with red furniture and a spacious green lawn area with a basketball hoop.\" class=\"wp-image-523\" style=\"border-top-left-radius:20px;border-top-right-radius:20px;border-bottom-left-radius:70px;border-bottom-right-radius:20px\" srcset=\"https:\/\/motele4.com\/wp-content\/uploads\/2026\/01\/15.webp 1512w, https:\/\/motele4.com\/wp-content\/uploads\/2026\/01\/15-225x300.webp 225w, https:\/\/motele4.com\/wp-content\/uploads\/2026\/01\/15-768x1024.webp 768w, https:\/\/motele4.com\/wp-content\/uploads\/2026\/01\/15-1152x1536.webp 1152w, https:\/\/motele4.com\/wp-content\/uploads\/2026\/01\/15-9x12.webp 9w\" sizes=\"auto, (max-width: 1512px) 100vw, 1512px\" \/><\/figure>\n\n\n\n<figure class=\"wp-block-image size-full has-custom-border\"><img loading=\"lazy\" decoding=\"async\" width=\"1512\" height=\"2016\" data-id=\"504\" src=\"https:\/\/motele4.com\/wp-content\/uploads\/2026\/01\/21.webp\" alt=\"The front entrance of Motel e4, featuring its yellow wooden exterior, a white porch with steps, and the red and white &quot;MOTEL e4&quot; sign on a sunny day.\" class=\"wp-image-504\" style=\"border-top-left-radius:20px;border-top-right-radius:70px;border-bottom-left-radius:20px;border-bottom-right-radius:20px\" srcset=\"https:\/\/motele4.com\/wp-content\/uploads\/2026\/01\/21.webp 1512w, https:\/\/motele4.com\/wp-content\/uploads\/2026\/01\/21-225x300.webp 225w, https:\/\/motele4.com\/wp-content\/uploads\/2026\/01\/21-768x1024.webp 768w, https:\/\/motele4.com\/wp-content\/uploads\/2026\/01\/21-1152x1536.webp 1152w, https:\/\/motele4.com\/wp-content\/uploads\/2026\/01\/21-9x12.webp 9w\" sizes=\"auto, (max-width: 1512px) 100vw, 1512px\" \/><\/figure>\n<\/figure>\n<\/section>","protected":false},"excerpt":{"rendered":"<p>Moments in Pictures Explore the quiet charm of Motel e4. From our blooming, whimsical gardens to our sun-drenched patios, these snapshots capture the peaceful spirit of our Stavsj\u00f6 home. We hope they inspire you to come and create your own unforgettable moments.<\/p>","protected":false},"author":1,"featured_media":0,"parent":0,"menu_order":0,"comment_status":"closed","ping_status":"closed","template":"page-no-title","meta":{"iawp_total_views":50,"footnotes":""},"class_list":["post-524","page","type-page","status-publish","hentry"],"_links":{"self":[{"href":"https:\/\/motele4.com\/sv\/wp-json\/wp\/v2\/pages\/524","targetHints":{"allow":["GET"]}}],"collection":[{"href":"https:\/\/motele4.com\/sv\/wp-json\/wp\/v2\/pages"}],"about":[{"href":"https:\/\/motele4.com\/sv\/wp-json\/wp\/v2\/types\/page"}],"author":[{"embeddable":true,"href":"https:\/\/motele4.com\/sv\/wp-json\/wp\/v2\/users\/1"}],"replies":[{"embeddable":true,"href":"https:\/\/motele4.com\/sv\/wp-json\/wp\/v2\/comments?post=524"}],"version-history":[{"count":9,"href":"https:\/\/motele4.com\/sv\/wp-json\/wp\/v2\/pages\/524\/revisions"}],"predecessor-version":[{"id":547,"href":"https:\/\/motele4.com\/sv\/wp-json\/wp\/v2\/pages\/524\/revisions\/547"}],"wp:attachment":[{"href":"https:\/\/motele4.com\/sv\/wp-json\/wp\/v2\/media?parent=524"}],"curies":[{"name":"wp","href":"https:\/\/api.w.org\/{rel}","templated":true}]}}