{"id":3,"date":"2025-01-29T14:56:39","date_gmt":"2025-01-29T14:56:39","guid":{"rendered":"http:\/\/motele4.com\/?page_id=3"},"modified":"2026-03-01T21:15:11","modified_gmt":"2026-03-01T20:15:11","slug":"privacy-policy","status":"publish","type":"page","link":"https:\/\/motele4.com\/sv\/privacy-policy\/","title":{"rendered":"Integritetspolicy"},"content":{"rendered":"<p>Senast uppdaterad: 30 jan 2025<\/p>\n\n\n\n<p>P\u00e5 Motel E4 v\u00e4rnar vi om din integritet och \u00e4r engagerade i att skydda dina personuppgifter. Denna integritetspolicy f\u00f6rklarar hur vi samlar in, anv\u00e4nder och skyddar din information n\u00e4r du interagerar med v\u00e5r webbplats. Om du har n\u00e5gra fr\u00e5gor om denna integritetspolicy kan du kontakta oss p\u00e5 <strong><span \n                data-original-string='jxv+lupekM3on0MvkvrYRQ==217w+aoNFGEky2z0y+Xrd2Au1d+uLi3yjaIzpeNHCIqadQ='\n                class='apbct-email-encoder'\n                title='This contact has been encoded by Anti-Spam by CleanTalk. Click to decode. To finish the decoding make sure that JavaScript is enabled in your browser.'>in<span class=\"apbct-blur\">**<\/span>@<span class=\"apbct-blur\">*****<\/span>e4.com<\/span><\/strong>.<\/p>\n\n\n\n<h2 class=\"wp-block-heading\">Vem vi \u00e4r<\/h2>\n\n\n\n<p>V\u00e5r webbplatsadress \u00e4r: <strong>http:\/\/motele4.com<\/strong>.<br>F\u00f6retagsuppgifter: Haval Pasha World, Organisationsnummer: SE19760904<br>Plats: St\u00f6rningsv\u00e4g 8, SE-618 95 Stavsj\u00f6, Sverige<\/p>\n\n\n\n<h2 class=\"wp-block-heading\">Vilka personuppgifter vi samlar in<\/h2>\n\n\n\n<p>Vi samlar endast in personuppgifter n\u00e4r du skickar en f\u00f6retagsf\u00f6rfr\u00e5gan via v\u00e5r webbplats. Dessa uppgifter kan inkludera:<\/p>\n\n\n\n<ul class=\"wp-block-list\">\n<li><strong>Fullst\u00e4ndigt namn<\/strong><\/li>\n\n\n\n<li><strong>E-postadress<\/strong><\/li>\n\n\n\n<li><strong>Telefonnummer<\/strong><\/li>\n\n\n\n<li><strong>Ditt meddelande (f\u00f6rfr\u00e5gningsdetaljer)<\/strong><\/li>\n<\/ul>\n\n\n\n<p>i anv\u00e4nder \u00e4ven GDPR-kompatibel analys f\u00f6r att \u00f6vervaka webbplatstrafik och f\u00f6rb\u00e4ttra anv\u00e4ndarupplevelsen. Denna analys samlar in icke-personligt identifierbar information, s\u00e5som:<\/p>\n\n\n\n<ul class=\"wp-block-list\">\n<li><strong>Sidvisningar, h\u00e4nvisningar och tid spenderad p\u00e5 webbplatsen<\/strong><\/li>\n\n\n\n<li><strong>Allm\u00e4n enhets- och webbl\u00e4sartyp<\/strong><\/li>\n<\/ul>\n\n\n\n<p>Dessa analyser sp\u00e5rar eller lagrar inte personligt identifierbar information, och all data anonymiseras i enlighet med GDPR-regler.<\/p>\n\n\n\n<h2 class=\"wp-block-heading\">Vem vi delar dina uppgifter med<\/h2>\n\n\n\n<p>Vi delar inte dina uppgifter med tredje parter.<br>Vi anv\u00e4nder inga tredjepartstj\u00e4nster f\u00f6r reklam, analys eller remarketing.<\/p>\n\n\n\n<p>Den enda externa tj\u00e4nsten som anv\u00e4nds f\u00f6r databehandling \u00e4r CleanTalk, som granskar spam och skadlig aktivitet n\u00e4r anv\u00e4ndare skickar in f\u00f6retagsf\u00f6rfr\u00e5gningsformul\u00e4ret.\nCleanTalks integritetspolicy finns <a href=\"https:\/\/cleantalk.org\/publicoffer#privacy\">h\u00e4r<\/a>.<\/p>\n\n\n\n<h2 class=\"wp-block-heading\">Hur l\u00e4nge vi sparar dina uppgifter<\/h2>\n\n\n\n<p>Om du skickar in en f\u00f6retagsf\u00f6rfr\u00e5gan, beh\u00e5ller vi ditt fullst\u00e4ndiga namn, e-post, telefonnummer och meddelande p\u00e5 obest\u00e4md tid f\u00f6r aff\u00e4rsreferens och dokumentation.<\/p>\n\n\n\n<p>If you would like us to delete your information, please contact us at <span \n                data-original-string='QfkrOjWPZn\/C3CNN7a\/\/Xg==217AnGuyEiQyj1LmCA8cWtjWlHnYvPSfzphLbqZyPi2tYg='\n                class='apbct-email-encoder'\n                title='This contact has been encoded by Anti-Spam by CleanTalk. Click to decode. To finish the decoding make sure that JavaScript is enabled in your browser.'>in<span class=\"apbct-blur\">**<\/span>@<span class=\"apbct-blur\">*****<\/span>e4.com<\/span>.<\/p>\n\n\n\n<h2 class=\"wp-block-heading\">Var dina uppgifter skickas<\/h2>\n\n\n\n<p>Den enda g\u00e5ngen bes\u00f6karuppgifter skickas till en tredje part \u00e4r n\u00e4r v\u00e5rt s\u00e4kerhetsverktyg, CleanTalk, granskar formul\u00e4rinl\u00e4mningar f\u00f6r spam eller skadlig aktivitet. Detta hj\u00e4lper oss att h\u00e5lla webbplatsen s\u00e4ker.<\/p>\n\n\n\n<p>F\u00f6r mer information om hur CleanTalk hanterar data, v\u00e4nligen l\u00e4s deras integritetspolicy <a href=\"https:\/\/cleantalk.org\/publicoffer#privacy\">h\u00e4r<\/a>.<\/p>\n\n\n\n<h2 class=\"wp-block-heading\">Dina r\u00e4ttigheter g\u00e4llande dina uppgifter<\/h2>\n\n\n\n<p>Om du har skickat in en f\u00f6retagsf\u00f6rfr\u00e5gan, har du r\u00e4tt att:<\/p>\n\n\n\n<ul class=\"wp-block-list\">\n<li><strong>Beg\u00e4ra en kopia av dina personuppgifter.<\/strong><\/li>\n\n\n\n<li><strong>Be oss att radera dina uppgifter.<\/strong><\/li>\n\n\n\n<li><strong>R\u00e4tta eventuella felaktiga uppgifter.<\/strong><\/li>\n<\/ul>\n\n\n\n<p>F\u00f6r att ut\u00f6va dessa r\u00e4ttigheter, v\u00e4nligen kontakta oss via e-post p\u00e5 <strong><span \n                data-original-string='dBIMjsdL3LTr3ZA2zIFCmQ==2172iF1bb26Hz5JskwQyNu+Ub1tfhPwMgcJo6EpmAQ6dj0='\n                class='apbct-email-encoder'\n                title='This contact has been encoded by Anti-Spam by CleanTalk. Click to decode. To finish the decoding make sure that JavaScript is enabled in your browser.'>in<span class=\"apbct-blur\">**<\/span>@<span class=\"apbct-blur\">*****<\/span>e4.com<\/span><\/strong>.<\/p>\n\n\n\n<h2 class=\"wp-block-heading\">\u00c4ndringar i denna integritetspolicy<\/h2>\n\n\n\n<p>Vi kan komma att uppdatera denna integritetspolicy fr\u00e5n tid till annan. Eventuella \u00e4ndringar publiceras p\u00e5 denna sida tillsammans med det uppdaterade \"Senast uppdaterad\"-datumet.<\/p>","protected":false},"excerpt":{"rendered":"<p>Last Updated: 30 Jan 2025 At Motel E4, we respect your privacy and are committed to protecting your personal data. This Privacy Policy explains how we collect, use, and protect your information when you interact with our website. If you have any questions about this Privacy Policy, you can contact us at in**@*****e4.com. Who we [&hellip;]<\/p>\n","protected":false},"author":1,"featured_media":0,"parent":0,"menu_order":0,"comment_status":"closed","ping_status":"closed","template":"","meta":{"iawp_total_views":41,"footnotes":""},"class_list":["post-3","page","type-page","status-publish","hentry"],"_links":{"self":[{"href":"https:\/\/motele4.com\/sv\/wp-json\/wp\/v2\/pages\/3","targetHints":{"allow":["GET"]}}],"collection":[{"href":"https:\/\/motele4.com\/sv\/wp-json\/wp\/v2\/pages"}],"about":[{"href":"https:\/\/motele4.com\/sv\/wp-json\/wp\/v2\/types\/page"}],"author":[{"embeddable":true,"href":"https:\/\/motele4.com\/sv\/wp-json\/wp\/v2\/users\/1"}],"replies":[{"embeddable":true,"href":"https:\/\/motele4.com\/sv\/wp-json\/wp\/v2\/comments?post=3"}],"version-history":[{"count":4,"href":"https:\/\/motele4.com\/sv\/wp-json\/wp\/v2\/pages\/3\/revisions"}],"predecessor-version":[{"id":275,"href":"https:\/\/motele4.com\/sv\/wp-json\/wp\/v2\/pages\/3\/revisions\/275"}],"wp:attachment":[{"href":"https:\/\/motele4.com\/sv\/wp-json\/wp\/v2\/media?parent=3"}],"curies":[{"name":"wp","href":"https:\/\/api.w.org\/{rel}","templated":true}]}}