{"id":15,"date":"2025-01-29T16:23:35","date_gmt":"2025-01-29T15:23:35","guid":{"rendered":"http:\/\/motele4.com\/?page_id=15"},"modified":"2026-03-01T21:14:50","modified_gmt":"2026-03-01T20:14:50","slug":"nearby","status":"publish","type":"page","link":"https:\/\/motele4.com\/sv\/nearby\/","title":{"rendered":"I n\u00e4rheten"},"content":{"rendered":"<div class=\"wp-block-group alignfull has-base-background-color has-background has-global-padding is-layout-constrained wp-container-core-group-is-layout-d6a65301 wp-block-group-is-layout-constrained\" style=\"margin-top:0;margin-bottom:0;padding-top:var(--wp--preset--spacing--xx-large);padding-right:var(--wp--preset--spacing--medium);padding-bottom:var(--wp--preset--spacing--xx-large);padding-left:var(--wp--preset--spacing--medium)\">\n<div class=\"wp-block-columns alignwide is-layout-flex wp-container-core-columns-is-layout-97d981de wp-block-columns-is-layout-flex\">\n<div class=\"wp-block-column is-layout-flow wp-block-column-is-layout-flow\" style=\"flex-basis:33.33%\">\n<div class=\"wp-block-group alignwide ollie-sticky-top has-global-padding is-layout-constrained wp-block-group-is-layout-constrained wp-container-1 is-position-sticky\">\n<h2 class=\"wp-block-heading\" style=\"font-size:clamp(1.976rem, 1.976rem + ((1vw - 0.2rem) * 2.594), 3.5rem);\">Uppt\u00e4ck och utforska i n\u00e4rheten<\/h2>\n\n\n\n<p>Fr\u00e5n storslagna sj\u00f6ar till natursk\u00f6na vandringsleder och Sveriges st\u00f6rsta djurpark \u2013 upplev det b\u00e4sta av natur, \u00e4ventyr och lokal charm, bara ett stenkast bort.<\/p>\n<\/div>\n<\/div>\n\n\n\n<div class=\"wp-block-column is-layout-flow wp-container-core-column-is-layout-9bbe8c87 wp-block-column-is-layout-flow\" style=\"flex-basis:66.66%\">\n<div class=\"wp-block-group alignwide is-style-background-blur has-tertiary-background-color has-background has-global-padding is-layout-constrained wp-container-core-group-is-layout-ef0ef804 wp-block-group-is-layout-constrained\" style=\"border-top-left-radius:20px;border-top-right-radius:20px;border-bottom-left-radius:20px;border-bottom-right-radius:20px;margin-top:0;margin-bottom:var(--wp--preset--spacing--x-large);padding-top:0;padding-right:var(--wp--preset--spacing--medium);padding-bottom:0;padding-left:var(--wp--preset--spacing--medium)\">\n<div class=\"wp-block-group alignwide ollie-row-stack is-content-justification-space-between is-layout-flex wp-container-core-group-is-layout-edb5a6f0 wp-block-group-is-layout-flex\" style=\"padding-top:var(--wp--preset--spacing--medium);padding-right:0;padding-bottom:var(--wp--preset--spacing--medium);padding-left:0\">\n<h2 class=\"wp-block-heading has-x-large-font-size\"><strong>Stavsj\u00f6n<\/strong><\/h2>\n<\/div>\n\n\n\n<hr class=\"wp-block-separator alignwide has-text-color has-border-light-color has-alpha-channel-opacity has-border-light-background-color has-background is-style-separator-thin\"\/>\n\n\n\n<figure class=\"wp-block-image size-large has-custom-border\" style=\"margin-top:var(--wp--preset--spacing--medium);margin-bottom:var(--wp--preset--spacing--medium)\"><img loading=\"lazy\" decoding=\"async\" width=\"1024\" height=\"576\" src=\"http:\/\/motele4.com\/wp-content\/uploads\/2025\/02\/Stavsjon-1024x576.webp\" alt=\"The beautiful lake of Stavsjon.\" class=\"wp-image-345\" style=\"border-top-left-radius:15px;border-top-right-radius:15px;border-bottom-left-radius:15px;border-bottom-right-radius:50px\" srcset=\"https:\/\/motele4.com\/wp-content\/uploads\/2025\/02\/Stavsjon-1024x576.webp 1024w, https:\/\/motele4.com\/wp-content\/uploads\/2025\/02\/Stavsjon-300x169.webp 300w, https:\/\/motele4.com\/wp-content\/uploads\/2025\/02\/Stavsjon-768x432.webp 768w, https:\/\/motele4.com\/wp-content\/uploads\/2025\/02\/Stavsjon-1536x864.webp 1536w, https:\/\/motele4.com\/wp-content\/uploads\/2025\/02\/Stavsjon-18x10.webp 18w, https:\/\/motele4.com\/wp-content\/uploads\/2025\/02\/Stavsjon.webp 1920w\" sizes=\"auto, (max-width: 1024px) 100vw, 1024px\" \/><\/figure>\n\n\n\n<hr class=\"wp-block-separator alignwide has-text-color has-border-light-color has-alpha-channel-opacity has-border-light-background-color has-background is-style-separator-thin\"\/>\n\n\n\n<div class=\"wp-block-group alignwide is-nowrap is-layout-flex wp-container-core-group-is-layout-17059cfd wp-block-group-is-layout-flex\" style=\"padding-top:var(--wp--preset--spacing--medium);padding-right:0;padding-bottom:var(--wp--preset--spacing--medium);padding-left:0\">\n<p class=\"has-text-align-left has-small-font-size\">En vacker sj\u00f6, perfekt f\u00f6r bad, med rofyllda badplatser l\u00e4ngs den norra stranden. Oavsett om du vill ta ett uppfriskande dopp eller njuta av en lugn fiskestund, erbjuder Stavsj\u00f6n en fridfull tillflyktsort mitt i naturen.<\/p>\n<\/div>\n<\/div>\n\n\n\n<div class=\"wp-block-group alignwide is-style-background-blur has-tertiary-background-color has-background has-global-padding is-layout-constrained wp-container-core-group-is-layout-91466a4b wp-block-group-is-layout-constrained\" style=\"border-top-left-radius:20px;border-top-right-radius:20px;border-bottom-left-radius:20px;border-bottom-right-radius:20px;margin-bottom:var(--wp--preset--spacing--x-large);padding-top:0;padding-right:var(--wp--preset--spacing--medium);padding-bottom:0;padding-left:var(--wp--preset--spacing--medium)\">\n<div class=\"wp-block-group alignwide ollie-row-stack is-content-justification-space-between is-layout-flex wp-container-core-group-is-layout-edb5a6f0 wp-block-group-is-layout-flex\" style=\"padding-top:var(--wp--preset--spacing--medium);padding-right:0;padding-bottom:var(--wp--preset--spacing--medium);padding-left:0\">\n<h2 class=\"wp-block-heading has-x-large-font-size\"><strong>Skiren<\/strong><\/h2>\n\n\n\n<div class=\"wp-block-group is-nowrap is-layout-flex wp-container-core-group-is-layout-c0d5ccf6 wp-block-group-is-layout-flex\">\n<div class=\"wp-block-outermost-icon-block\"><div class=\"icon-container has-icon-color has-main-color\" style=\"color:#1E1E26;width:35px;transform:rotate(0deg) scaleX(1) scaleY(1)\"><svg width=\"800px\" height=\"800px\" viewbox=\"0 0 480.543 480.543\" version=\"1.1\" id=\"Capa_1\" xmlns=\"http:\/\/www.w3.org\/2000\/svg\" xmlns-xlink=\"http:\/\/www.w3.org\/1999\/xlink\" xml:space=\"preserve\" aria-label=\"Distance icon\"><g fill=\"currentColor\"><g><path d=\"M225.278,278.426c0-48.641-39.572-88.213-88.214-88.213c-48.641,0-88.212,39.572-88.212,88.213                c0,14.254,3.401,27.727,9.431,39.654l78.781,162.463l78.795-162.488C221.88,306.133,225.278,292.669,225.278,278.426z                M137.064,327.243c-26.917,0-48.817-21.9-48.817-48.817s21.9-48.817,48.817-48.817c26.918,0,48.817,21.9,48.817,48.817                S163.982,327.243,137.064,327.243z\"><\/path><path d=\"M387.021,0c-24.63,0-44.669,20.038-44.669,44.668c0,7.218,1.723,14.04,4.776,20.081l39.893,82.267l39.899-82.28                c3.049-6.037,4.77-12.855,4.77-20.067C431.69,20.038,411.65,0,387.021,0z M387.021,69.388c-13.631,0-24.72-11.089-24.72-24.72                c0-13.63,11.089-24.72,24.72-24.72c13.629,0,24.719,11.09,24.719,24.72C411.74,58.299,400.65,69.388,387.021,69.388z\"><\/path><path d=\"M348.116,289.787c-1.812-8.523-4.166-16.875-7.131-25.075c-3.974-10.987-8.74-21.724-12.391-32.836                c-6.823-20.771,4.948-38.105,7.16-41.256c3.876-5.517,8.408-10.58,13.19-15.322c9.207-9.128,19.361-17.288,29.984-24.803                c-1.316-2.039-2.591-4.1-3.805-6.199c-15.279,5.99-93.854,33.452-91.938,94.121c0.384,12.162,5.083,23.737,7.979,35.526                c1.395,5.681,2.605,11.412,3.345,17.218c0.319,2.614,0.515,5.243,0.729,7.87c0.006-0.02,0.004-0.034-0.008-0.045                c0.007,0.076,0.202,8.326-0.164,11.9c-1.147,11.189-2.799,22.494-7.516,32.758c-4.387,9.543-11.006,17.842-19.193,24.402                c-18.716,14.994-43.514,20.988-66.913,23.398c-1.114,0.117-2.228,0.217-3.342,0.314l-41.779,86.152                c20.614-1.281,41.175-4.102,61.235-9.039c23.607-5.811,46.613-14.588,67.227-27.598c20.596-12.996,38.308-30.578,50.099-51.984                c12.335-22.391,17.277-48.038,16.225-73.452C350.752,307.156,349.928,298.307,348.116,289.787z\"><\/path><\/g><\/g><\/svg><\/div><\/div>\n\n\n\n<p class=\"has-base-font-size\" style=\"font-style:normal;font-weight:500\">500 m<\/p>\n<\/div>\n<\/div>\n\n\n\n<hr class=\"wp-block-separator alignwide has-text-color has-border-light-color has-alpha-channel-opacity has-border-light-background-color has-background is-style-separator-thin\"\/>\n\n\n\n<figure class=\"wp-block-image size-large has-custom-border\" style=\"margin-top:var(--wp--preset--spacing--medium);margin-bottom:var(--wp--preset--spacing--medium)\"><img loading=\"lazy\" decoding=\"async\" width=\"1024\" height=\"576\" src=\"http:\/\/motele4.com\/wp-content\/uploads\/2025\/01\/Skiren-1024x576.webp\" alt=\"\" class=\"wp-image-62\" style=\"border-top-left-radius:15px;border-top-right-radius:15px;border-bottom-left-radius:15px;border-bottom-right-radius:50px\" srcset=\"https:\/\/motele4.com\/wp-content\/uploads\/2025\/01\/Skiren-1024x576.webp 1024w, https:\/\/motele4.com\/wp-content\/uploads\/2025\/01\/Skiren-300x169.webp 300w, https:\/\/motele4.com\/wp-content\/uploads\/2025\/01\/Skiren-768x432.webp 768w, https:\/\/motele4.com\/wp-content\/uploads\/2025\/01\/Skiren-1536x864.webp 1536w, https:\/\/motele4.com\/wp-content\/uploads\/2025\/01\/Skiren.webp 1920w\" sizes=\"auto, (max-width: 1024px) 100vw, 1024px\" \/><\/figure>\n\n\n\n<hr class=\"wp-block-separator alignwide has-text-color has-border-light-color has-alpha-channel-opacity has-border-light-background-color has-background is-style-separator-thin\"\/>\n\n\n\n<div class=\"wp-block-group alignwide has-global-padding is-layout-constrained wp-container-core-group-is-layout-eb8184f4 wp-block-group-is-layout-constrained\" style=\"padding-top:var(--wp--preset--spacing--medium);padding-right:0;padding-bottom:var(--wp--preset--spacing--medium);padding-left:0\">\n<p class=\"has-text-align-left has-small-font-size\">En charmig sj\u00f6 med en sandstrand, perfekt f\u00f6r en lugn och avkopplande vistelse n\u00e4ra Kolm\u00e5rdens djurpark. Koppla av vid vattnet eller njut av naturens rogivande ljud.<\/p>\n\n\n\n<p class=\"has-text-align-left\">Alla v\u00e5ra g\u00e4ster kan fiska i Stavsj\u00f6n och Skiren \u2013 utan fiskekort! Som medlem i den lokala fiskev\u00e5rdsf\u00f6reningen t\u00e4cker vi avgifterna, s\u00e5 du kan kasta ut linan helt bekymmersfritt. En liten roddb\u00e5t finns ocks\u00e5 tillg\u00e4nglig f\u00f6r en \u00e4nnu mer st\u00e4mningsfull upplevelse p\u00e5 vattnet.<\/p>\n<\/div>\n<\/div>\n\n\n\n<div class=\"wp-block-group alignwide is-style-background-blur has-tertiary-background-color has-background has-global-padding is-layout-constrained wp-container-core-group-is-layout-91466a4b wp-block-group-is-layout-constrained\" style=\"border-top-left-radius:20px;border-top-right-radius:20px;border-bottom-left-radius:20px;border-bottom-right-radius:20px;margin-bottom:var(--wp--preset--spacing--x-large);padding-top:0;padding-right:var(--wp--preset--spacing--medium);padding-bottom:0;padding-left:var(--wp--preset--spacing--medium)\">\n<div class=\"wp-block-group alignwide ollie-row-stack is-content-justification-space-between is-layout-flex wp-container-core-group-is-layout-edb5a6f0 wp-block-group-is-layout-flex\" style=\"padding-top:var(--wp--preset--spacing--medium);padding-right:0;padding-bottom:var(--wp--preset--spacing--medium);padding-left:0\">\n<h2 class=\"wp-block-heading has-x-large-font-size\"><strong><strong>S\u00f6rmlandsleden<\/strong><\/strong><\/h2>\n<\/div>\n\n\n\n<hr class=\"wp-block-separator alignwide has-text-color has-border-light-color has-alpha-channel-opacity has-border-light-background-color has-background is-style-separator-thin\"\/>\n\n\n\n<figure class=\"wp-block-image size-large has-custom-border\" style=\"margin-top:var(--wp--preset--spacing--medium);margin-bottom:var(--wp--preset--spacing--medium)\"><img loading=\"lazy\" decoding=\"async\" width=\"1024\" height=\"576\" src=\"http:\/\/motele4.com\/wp-content\/uploads\/2025\/01\/Sormlandsleden-1024x576.webp\" alt=\"\" class=\"wp-image-63\" style=\"border-top-left-radius:15px;border-top-right-radius:15px;border-bottom-left-radius:15px;border-bottom-right-radius:50px\" srcset=\"https:\/\/motele4.com\/wp-content\/uploads\/2025\/01\/Sormlandsleden-1024x576.webp 1024w, https:\/\/motele4.com\/wp-content\/uploads\/2025\/01\/Sormlandsleden-300x169.webp 300w, https:\/\/motele4.com\/wp-content\/uploads\/2025\/01\/Sormlandsleden-768x432.webp 768w, https:\/\/motele4.com\/wp-content\/uploads\/2025\/01\/Sormlandsleden-1536x864.webp 1536w, https:\/\/motele4.com\/wp-content\/uploads\/2025\/01\/Sormlandsleden.webp 1920w\" sizes=\"auto, (max-width: 1024px) 100vw, 1024px\" \/><\/figure>\n\n\n\n<hr class=\"wp-block-separator alignwide has-text-color has-border-light-color has-alpha-channel-opacity has-border-light-background-color has-background is-style-separator-thin\"\/>\n\n\n\n<div class=\"wp-block-group alignwide is-nowrap is-layout-flex wp-container-core-group-is-layout-17059cfd wp-block-group-is-layout-flex\" style=\"padding-top:var(--wp--preset--spacing--medium);padding-right:0;padding-bottom:var(--wp--preset--spacing--medium);padding-left:0\">\n<p class=\"has-text-align-left has-small-font-size\">En av Sveriges vackraste vandringsleder g\u00e5r rakt genom Stavsj\u00f6 och bjuder p\u00e5 storslagna naturupplevelser genom skogar och sj\u00f6n\u00e4ra milj\u00f6er.<\/p>\n<\/div>\n<\/div>\n\n\n\n<div class=\"wp-block-group alignwide is-style-background-blur has-tertiary-background-color has-background has-global-padding is-layout-constrained wp-container-core-group-is-layout-91466a4b wp-block-group-is-layout-constrained\" style=\"border-top-left-radius:20px;border-top-right-radius:20px;border-bottom-left-radius:20px;border-bottom-right-radius:20px;margin-bottom:var(--wp--preset--spacing--x-large);padding-top:0;padding-right:var(--wp--preset--spacing--medium);padding-bottom:0;padding-left:var(--wp--preset--spacing--medium)\">\n<div class=\"wp-block-group alignwide ollie-row-stack is-content-justification-space-between is-layout-flex wp-container-core-group-is-layout-edb5a6f0 wp-block-group-is-layout-flex\" style=\"padding-top:var(--wp--preset--spacing--medium);padding-right:0;padding-bottom:var(--wp--preset--spacing--medium);padding-left:0\">\n<h2 class=\"wp-block-heading has-x-large-font-size\"><strong><strong>Kolm\u00e5rdens Djurpark<\/strong><\/strong><\/h2>\n\n\n\n<div class=\"wp-block-group is-nowrap is-layout-flex wp-container-core-group-is-layout-c0d5ccf6 wp-block-group-is-layout-flex\">\n<div class=\"wp-block-outermost-icon-block\"><div class=\"icon-container has-icon-color has-main-color\" style=\"color:#1E1E26;width:35px;transform:rotate(0deg) scaleX(1) scaleY(1)\"><svg width=\"800px\" height=\"800px\" viewbox=\"0 0 480.543 480.543\" version=\"1.1\" id=\"Capa_1\" xmlns=\"http:\/\/www.w3.org\/2000\/svg\" xmlns-xlink=\"http:\/\/www.w3.org\/1999\/xlink\" xml:space=\"preserve\" aria-label=\"Distance icon\"><g fill=\"currentColor\"><g><path d=\"M225.278,278.426c0-48.641-39.572-88.213-88.214-88.213c-48.641,0-88.212,39.572-88.212,88.213                c0,14.254,3.401,27.727,9.431,39.654l78.781,162.463l78.795-162.488C221.88,306.133,225.278,292.669,225.278,278.426z                M137.064,327.243c-26.917,0-48.817-21.9-48.817-48.817s21.9-48.817,48.817-48.817c26.918,0,48.817,21.9,48.817,48.817                S163.982,327.243,137.064,327.243z\"><\/path><path d=\"M387.021,0c-24.63,0-44.669,20.038-44.669,44.668c0,7.218,1.723,14.04,4.776,20.081l39.893,82.267l39.899-82.28                c3.049-6.037,4.77-12.855,4.77-20.067C431.69,20.038,411.65,0,387.021,0z M387.021,69.388c-13.631,0-24.72-11.089-24.72-24.72                c0-13.63,11.089-24.72,24.72-24.72c13.629,0,24.719,11.09,24.719,24.72C411.74,58.299,400.65,69.388,387.021,69.388z\"><\/path><path d=\"M348.116,289.787c-1.812-8.523-4.166-16.875-7.131-25.075c-3.974-10.987-8.74-21.724-12.391-32.836                c-6.823-20.771,4.948-38.105,7.16-41.256c3.876-5.517,8.408-10.58,13.19-15.322c9.207-9.128,19.361-17.288,29.984-24.803                c-1.316-2.039-2.591-4.1-3.805-6.199c-15.279,5.99-93.854,33.452-91.938,94.121c0.384,12.162,5.083,23.737,7.979,35.526                c1.395,5.681,2.605,11.412,3.345,17.218c0.319,2.614,0.515,5.243,0.729,7.87c0.006-0.02,0.004-0.034-0.008-0.045                c0.007,0.076,0.202,8.326-0.164,11.9c-1.147,11.189-2.799,22.494-7.516,32.758c-4.387,9.543-11.006,17.842-19.193,24.402                c-18.716,14.994-43.514,20.988-66.913,23.398c-1.114,0.117-2.228,0.217-3.342,0.314l-41.779,86.152                c20.614-1.281,41.175-4.102,61.235-9.039c23.607-5.811,46.613-14.588,67.227-27.598c20.596-12.996,38.308-30.578,50.099-51.984                c12.335-22.391,17.277-48.038,16.225-73.452C350.752,307.156,349.928,298.307,348.116,289.787z\"><\/path><\/g><\/g><\/svg><\/div><\/div>\n\n\n\n<p class=\"has-base-font-size\" style=\"font-style:normal;font-weight:500\">11.6 km<\/p>\n<\/div>\n<\/div>\n\n\n\n<hr class=\"wp-block-separator alignwide has-text-color has-border-light-color has-alpha-channel-opacity has-border-light-background-color has-background is-style-separator-thin\"\/>\n\n\n\n<figure class=\"wp-block-image size-large has-custom-border\" style=\"margin-top:var(--wp--preset--spacing--medium);margin-bottom:var(--wp--preset--spacing--medium)\"><img loading=\"lazy\" decoding=\"async\" width=\"1024\" height=\"576\" src=\"http:\/\/motele4.com\/wp-content\/uploads\/2025\/01\/Kolmarden-Zoo-Park-1024x576.webp\" alt=\"\" class=\"wp-image-61\" style=\"border-top-left-radius:15px;border-top-right-radius:15px;border-bottom-left-radius:15px;border-bottom-right-radius:50px\" srcset=\"https:\/\/motele4.com\/wp-content\/uploads\/2025\/01\/Kolmarden-Zoo-Park-1024x576.webp 1024w, https:\/\/motele4.com\/wp-content\/uploads\/2025\/01\/Kolmarden-Zoo-Park-300x169.webp 300w, https:\/\/motele4.com\/wp-content\/uploads\/2025\/01\/Kolmarden-Zoo-Park-768x432.webp 768w, https:\/\/motele4.com\/wp-content\/uploads\/2025\/01\/Kolmarden-Zoo-Park-1536x864.webp 1536w, https:\/\/motele4.com\/wp-content\/uploads\/2025\/01\/Kolmarden-Zoo-Park.webp 1920w\" sizes=\"auto, (max-width: 1024px) 100vw, 1024px\" \/><\/figure>\n\n\n\n<hr class=\"wp-block-separator alignwide has-text-color has-border-light-color has-alpha-channel-opacity has-border-light-background-color has-background is-style-separator-thin\"\/>\n\n\n\n<div class=\"wp-block-group alignwide is-nowrap is-layout-flex wp-container-core-group-is-layout-17059cfd wp-block-group-is-layout-flex\" style=\"padding-top:var(--wp--preset--spacing--medium);padding-right:0;padding-bottom:var(--wp--preset--spacing--medium);padding-left:0\">\n<p class=\"has-text-align-left has-small-font-size\">Skandinaviens st\u00f6rsta djurpark, hem f\u00f6r fantastiska djur och sp\u00e4nnande upplevelser \u2013 bara en kort resa bort.<\/p>\n<\/div>\n<\/div>\n\n\n<\/div>\n<\/div>\n<\/div>","protected":false},"excerpt":{"rendered":"<p>Discover &amp; Explore Nearby From breathtaking lakes to scenic trails and Sweden\u2019s largest zoo, experience the best of nature, adventure, and local charm just moments away. Stavsj\u00f6n A beautiful lake perfect for swimming, with serene bathing spots along the northern shore. Whether you\u2019re looking to take a refreshing dip or enjoy a peaceful fishing experience, [&hellip;]<\/p>\n","protected":false},"author":1,"featured_media":0,"parent":0,"menu_order":0,"comment_status":"closed","ping_status":"closed","template":"page-no-title","meta":{"iawp_total_views":260,"footnotes":""},"class_list":["post-15","page","type-page","status-publish","hentry"],"_links":{"self":[{"href":"https:\/\/motele4.com\/sv\/wp-json\/wp\/v2\/pages\/15","targetHints":{"allow":["GET"]}}],"collection":[{"href":"https:\/\/motele4.com\/sv\/wp-json\/wp\/v2\/pages"}],"about":[{"href":"https:\/\/motele4.com\/sv\/wp-json\/wp\/v2\/types\/page"}],"author":[{"embeddable":true,"href":"https:\/\/motele4.com\/sv\/wp-json\/wp\/v2\/users\/1"}],"replies":[{"embeddable":true,"href":"https:\/\/motele4.com\/sv\/wp-json\/wp\/v2\/comments?post=15"}],"version-history":[{"count":13,"href":"https:\/\/motele4.com\/sv\/wp-json\/wp\/v2\/pages\/15\/revisions"}],"predecessor-version":[{"id":548,"href":"https:\/\/motele4.com\/sv\/wp-json\/wp\/v2\/pages\/15\/revisions\/548"}],"wp:attachment":[{"href":"https:\/\/motele4.com\/sv\/wp-json\/wp\/v2\/media?parent=15"}],"curies":[{"name":"wp","href":"https:\/\/api.w.org\/{rel}","templated":true}]}}