{"id":11,"date":"2025-01-29T16:22:21","date_gmt":"2025-01-29T15:22:21","guid":{"rendered":"http:\/\/motele4.com\/?page_id=11"},"modified":"2026-03-01T21:11:50","modified_gmt":"2026-03-01T20:11:50","slug":"home","status":"publish","type":"page","link":"https:\/\/motele4.com\/sv\/","title":{"rendered":"Hem"},"content":{"rendered":"<div class=\"wp-block-cover alignfull is-light is-style-default hero-cover wp-duotone-unset-1\" style=\"margin-top:0;margin-bottom:0;padding-top:0;padding-right:0;padding-bottom:0;padding-left:0\"><video class=\"wp-block-cover__video-background intrinsic-ignore\" autoplay muted loop playsinline src=\"https:\/\/motele4.com\/wp-content\/uploads\/2025\/02\/Hero-Video2.mp4\" data-object-fit=\"cover\"><\/video><span aria-hidden=\"true\" class=\"wp-block-cover__background has-main-background-color has-background-dim-40 has-background-dim\"><\/span><div class=\"wp-block-cover__inner-container is-layout-flow wp-block-cover-is-layout-flow\">\n<section class=\"wp-block-group alignfull has-main-accent-color has-text-color has-background has-link-color wp-elements-00a5fcc0ef6945b132882f76805d8164 has-global-padding is-layout-constrained wp-container-core-group-is-layout-decfd121 wp-block-group-is-layout-constrained\" style=\"background:linear-gradient(180deg,rgba(21,17,31,0) 0%,rgb(20,17,30) 100%);margin-top:0;margin-bottom:0;padding-top:var(--wp--preset--spacing--xx-large);padding-right:var(--wp--preset--spacing--medium);padding-bottom:var(--wp--preset--spacing--xx-large);padding-left:var(--wp--preset--spacing--medium)\">\n<div class=\"wp-block-group alignwide has-global-padding is-content-justification-left is-layout-constrained wp-container-core-group-is-layout-12dd3699 wp-block-group-is-layout-constrained\">\n<h1 class=\"wp-block-heading has-base-color has-text-color has-link-color wp-elements-2dc2fd4028688b24264b8a1eb85ddf58\" style=\"font-size:clamp(1.976rem, 1.976rem + ((1vw - 0.2rem) * 2.594), 3.5rem);\">Bo, koppla av och uppt\u00e4ck Motel E4<\/h1>\n<\/div>\n\n\n\n<div style=\"height:var(--wp--preset--spacing--xx-large)\" aria-hidden=\"true\" class=\"wp-block-spacer ollie-hide-on-mobile\"><\/div>\n\n\n\n<div class=\"wp-block-group alignwide ollie-row-stack is-content-justification-space-between is-nowrap is-layout-flex wp-container-core-group-is-layout-ac7b6909 wp-block-group-is-layout-flex\">\n<div class=\"wp-block-group has-global-padding is-layout-constrained wp-container-core-group-is-layout-f5f3bcb8 wp-block-group-is-layout-constrained\">\n<h2 class=\"wp-block-heading has-base-color has-text-color has-link-color has-medium-font-size wp-elements-5ccdca16c9f97ea831281f3f5d23db52\">Bekv\u00e4mt och smidigt n\u00e4ra Kolm\u00e5rdens djurpark<\/h2>\n\n\n\n<p>Specialerbjudanden f\u00f6r f\u00f6retag p\u00e5 l\u00e4genheter och stugor. 700 m fr\u00e5n E4, 11 km till Kolm\u00e5rden Zoo, mellan sj\u00f6ar och vandringsleder i Stavsj\u00f6.<\/p>\n<\/div>\n<\/div>\n<\/section>\n\n\n\n<div class=\"wp-block-group video-credits is-nowrap is-layout-flex wp-container-core-group-is-layout-baabe226 wp-block-group-is-layout-flex\">\n<div class=\"wp-block-outermost-icon-block video-credits-icon\"><div class=\"icon-container has-icon-color has-tertiary-color\" style=\"color:#f8f7fc;width:30px;transform:rotate(0deg) scaleX(1) scaleY(1)\"><svg version=\"1.1\" id=\"Capa_1\" xmlns=\"http:\/\/www.w3.org\/2000\/svg\" xmlns-xlink=\"http:\/\/www.w3.org\/1999\/xlink\" viewbox=\"0 0 485.811 485.811\" xml:space=\"preserve\" aria-label=\"Caution icon.\"><g><path d=\"M476.099,353.968l-170.2-294.8c-27.8-48.7-98.1-48.7-125.8,0l-170.3,294.8c-27.8,48.7,6.8,109.2,62.9,109.2h339.9            C468.699,463.168,503.899,402.068,476.099,353.968z M242.899,397.768c-14.8,0-27.1-12.3-27.1-27.1s12.3-27.1,27.1-27.1            c14.8,0,27.1,12.3,26.5,27.8C270.099,385.468,257.099,397.768,242.899,397.768z M267.599,222.568c-1.2,21-2.5,41.9-3.7,62.9            c-0.6,6.8-0.6,13-0.6,19.7c-0.6,11.1-9.3,19.7-20.4,19.7s-19.7-8-20.4-19.1c-1.8-32.7-3.7-64.8-5.5-97.5            c-0.6-8.6-1.2-17.3-1.9-25.9c0-14.2,8-25.9,21-29.6c13-3.1,25.9,3.1,31.5,15.4c1.9,4.3,2.5,8.6,2.5,13.6            C269.499,195.468,268.199,209.068,267.599,222.568z\"><\/path><\/g><\/svg><\/div><\/div>\n\n\n\n<p class=\"video-credits-text has-border-light-color has-text-color has-link-color wp-elements-7d88fe3cd8f2e02a48507902388921ac\">Shoutout till dessa skapare<\/p>\n<\/div>\n<\/div><\/div>\n\n\n\n<section class=\"wp-block-group alignfull has-base-background-color has-background has-global-padding is-layout-constrained wp-container-core-group-is-layout-8aea5c0f wp-block-group-is-layout-constrained\" style=\"margin-top:0;margin-bottom:0;padding-top:var(--wp--preset--spacing--xx-large);padding-right:var(--wp--preset--spacing--medium);padding-bottom:var(--wp--preset--spacing--xx-large);padding-left:var(--wp--preset--spacing--medium)\">\n<div class=\"wp-block-group alignwide ollie-row-stack is-content-justification-space-between is-nowrap is-layout-flex wp-container-core-group-is-layout-ac7b6909 wp-block-group-is-layout-flex\">\n<div class=\"wp-block-group alignwide wp-container-content-9e2f13cb is-vertical is-content-justification-left is-layout-flex wp-container-core-group-is-layout-8c366a71 wp-block-group-is-layout-flex\">\n<h2 class=\"wp-block-heading\" style=\"font-size:clamp(1.976rem, 1.976rem + ((1vw - 0.2rem) * 2.594), 3.5rem);\">Mer \u00e4n bara en vistelse<\/h2>\n<\/div>\n<\/div>\n\n\n\n<div class=\"wp-block-group alignwide is-layout-grid wp-container-core-group-is-layout-d88a0cef wp-block-group-is-layout-grid\">\n<div class=\"wp-block-group has-custom-red-background-color has-background has-global-padding is-layout-constrained wp-container-core-group-is-layout-e20e7e2d wp-block-group-is-layout-constrained\" style=\"border-radius:20px;padding-top:var(--wp--preset--spacing--large);padding-right:var(--wp--preset--spacing--large);padding-bottom:var(--wp--preset--spacing--large);padding-left:var(--wp--preset--spacing--large)\">\n<div class=\"wp-block-outermost-icon-block\"><div class=\"icon-container has-icon-color has-icon-background-color has-main-background-color has-base-color\" style=\"background-color:#1E1E26;color:#fff;width:50px;padding-top:10px;padding-right:10px;padding-bottom:10px;padding-left:10px;border-radius:10px;transform:rotate(0deg) scaleX(1) scaleY(1)\"><svg fill=\"#000000\" height=\"800px\" width=\"800px\" version=\"1.2\" baseprofile=\"tiny\" id=\"Layer_1\" xmlns=\"http:\/\/www.w3.org\/2000\/svg\" xmlns-xlink=\"http:\/\/www.w3.org\/1999\/xlink\" viewbox=\"0 0 256 256\" xml:space=\"preserve\" aria-label=\"An icon of a family of three.\"><path id=\"XMLID_4_\" d=\"M223.9,123.1c6.4,0,11.5-5.2,11.5-11.6c0-6.4-5.2-11.6-11.5-11.6c-6.4,0-11.6,5.2-11.6,11.6\tC212.3,117.9,217.5,123.1,223.9,123.1\"><\/path><path id=\"XMLID_3_\" d=\"M144.5,59.4c9.1,0,16.5-7.4,16.5-16.5c0-9.1-7.4-16.5-16.5-16.5c-9.1,0-16.5,7.4-16.5,16.5\tC128,52,135.4,59.4,144.5,59.4\"><\/path><path id=\"XMLID_2_\" d=\"M51.9,59.5c9.2,0,16.7-7.4,16.7-16.6c0-9.2-7.5-16.6-16.7-16.6c-9.2,0-16.7,7.4-16.7,16.6\tC35.1,52.1,42.6,59.5,51.9,59.5\"><\/path><path id=\"XMLID_1_\" d=\"M208.2,222.9c0,3.7,3.1,6.8,6.8,6.8c3.7,0,6.8-3,6.8-6.8v-40.5h5.3v40.5c0,3.7,3,6.8,6.8,6.8\tc3.7,0,6.8-3,6.8-6.8v-75.8h5.2v25.7c0,2.8,2.3,5.1,5,5.1c2.8,0,5-2.3,5-5.1v-29.2c0-8.2-7.2-14.8-15.4-14.8c0,0-31.4,0-31.5,0\tl-10.1-1l-13-45.5c-5.3-18.3-20.6-17.8-20.6-17.8h-42.3c0,0-15.3-0.6-20.6,17.8l-6.8,23.8l-6.8-23.8C83.5,64,68.2,64.6,68.2,64.6\tH35.5c0,0-15.4-0.6-20.6,17.8L1.7,128.2c-1.3,4.3,0.8,8.3,4.6,9.4c3.7,1.1,7.8-1.5,8.8-5l12.8-44.7h6.3l-18.7,77.4H32v55\tc0,4.5,3.6,8.2,8.2,8.2c4.5,0,8.2-3.7,8.2-8.2v-55h6.9v55c0,4.5,3.7,8.2,8.2,8.2c4.5,0,8.2-3.7,8.2-8.2v-55H88L69.5,87.9h6.2\tl12.8,44.7c0.9,3,3.6,5.4,6.8,5.1c3.2,0.3,6.5-2.1,7.3-5.1l12.8-44.7h5.8v130.8c0,5.3,4.4,9.6,9.7,9.6c5.3,0,9.7-4.3,9.7-9.6v-74.4\th7.1v74.4c0,5.3,4.3,9.6,9.7,9.6c5.3,0,9.7-4.3,9.7-9.6V87.9h6.3l11.9,43.2c0.7,2.6,3.4,5.1,6.3,6l16.6,4.6V222.9z\"><\/path><\/svg><\/div><\/div>\n\n\n\n<div class=\"wp-block-group has-base-color has-text-color has-link-color wp-elements-ebd33026a922862c66642089ce4f1890 has-global-padding is-layout-constrained wp-container-core-group-is-layout-f5f3bcb8 wp-block-group-is-layout-constrained\">\n<h3 class=\"wp-block-heading has-medium-font-size\">Familjev\u00e4nligt &amp; Roligt<\/h3>\n\n\n\n<p>Skapa of\u00f6rgl\u00f6mliga minnen n\u00e4ra Kolm\u00e5rdens djurpark \u2013 njut av naturen och koppla av i mysiga, fullt utrustade boenden.<\/p>\n<\/div>\n<\/div>\n\n\n\n<div class=\"wp-block-group has-tertiary-background-color has-background has-global-padding is-layout-constrained wp-container-core-group-is-layout-e20e7e2d wp-block-group-is-layout-constrained\" style=\"border-radius:20px;padding-top:var(--wp--preset--spacing--large);padding-right:var(--wp--preset--spacing--large);padding-bottom:var(--wp--preset--spacing--large);padding-left:var(--wp--preset--spacing--large)\">\n<div class=\"wp-block-outermost-icon-block\"><div class=\"icon-container has-icon-color has-icon-background-color has-custom-red-background-color has-base-color\" style=\"background-color:#b62f2a;color:#fff;width:50px;padding-top:10px;padding-right:10px;padding-bottom:10px;padding-left:10px;border-radius:10px;transform:rotate(0deg) scaleX(1) scaleY(1)\"><svg version=\"1.1\" id=\"_x32_\" xmlns=\"http:\/\/www.w3.org\/2000\/svg\" xmlns-xlink=\"http:\/\/www.w3.org\/1999\/xlink\" viewbox=\"0 0 512 512\" xml:space=\"preserve\" aria-label=\"A briefcase icon.\"><g><path class=\"st0\" d=\"M470.537,137.504H41.471C18.565,137.504,0,156.077,0,178.976v56.797l211.507,44.607V252.1h87.772v28.28\t\tL512,235.489v-56.513C512,156.077,493.435,137.504,470.537,137.504z\"><\/path><path class=\"st0\" d=\"M299.279,369.129h-87.772v-57.017L14.633,273.012V439.81c0,22.898,18.557,41.47,41.455,41.47h399.824\t\tc22.898,0,41.463-18.572,41.463-41.47V272.721l-198.096,39.39V369.129z\"><\/path><rect x=\"233.452\" y=\"274.044\" class=\"st0\" width=\"43.882\" height=\"73.132\"><\/rect><path class=\"st0\" d=\"M193.786,72.206c0.008-1.703,0.638-3.057,1.75-4.208c1.127-1.103,2.49-1.718,4.176-1.734h112.577\t\tc1.686,0.016,3.058,0.631,4.185,1.734c1.103,1.151,1.726,2.505,1.733,4.208v29.627h35.546V72.206\t\tc0.008-11.41-4.665-21.875-12.143-29.329c-7.446-7.485-17.934-12.166-29.321-12.158H199.712\t\tc-11.394-0.008-21.875,4.673-29.32,12.158c-7.47,7.454-12.158,17.918-12.135,29.329v29.627h35.529V72.206z\"><\/path><\/g><\/svg><\/div><\/div>\n\n\n\n<div class=\"wp-block-group has-global-padding is-layout-constrained wp-container-core-group-is-layout-f5f3bcb8 wp-block-group-is-layout-constrained\">\n<h3 class=\"wp-block-heading has-medium-font-size\">Bekv\u00e4mt f\u00f6r f\u00f6retag<\/h3>\n\n\n\n<p>Smidiga f\u00f6retagsboenden med specialerbjudanden, moderna bekv\u00e4mligheter och en lugn plats att varva ner efter en hektisk dag.<\/p>\n<\/div>\n<\/div>\n\n\n\n<div class=\"wp-block-group has-custom-red-background-color has-background has-global-padding is-layout-constrained wp-container-core-group-is-layout-e20e7e2d wp-block-group-is-layout-constrained\" style=\"border-radius:20px;padding-top:var(--wp--preset--spacing--large);padding-right:var(--wp--preset--spacing--large);padding-bottom:var(--wp--preset--spacing--large);padding-left:var(--wp--preset--spacing--large)\">\n<div class=\"wp-block-outermost-icon-block\"><div class=\"icon-container has-icon-color has-icon-background-color has-main-background-color has-base-color\" style=\"background-color:#1E1E26;color:#fff;width:50px;padding-top:10px;padding-right:10px;padding-bottom:10px;padding-left:10px;border-radius:10px;transform:rotate(0deg) scaleX(1) scaleY(1)\"><svg width=\"800px\" height=\"800px\" viewbox=\"-1 0 32 32\" version=\"1.1\" xmlns=\"http:\/\/www.w3.org\/2000\/svg\" xmlns-xlink=\"http:\/\/www.w3.org\/1999\/xlink\" xmlns:sketch=\"http:\/\/www.bohemiancoding.com\/sketch\/ns\" aria-label=\"A calendar icon.\"><title><\/title><desc><\/desc><defs><\/defs><g id=\"Page-1\" stroke=\"none\" stroke-width=\"1\" fill=\"currentColor\" fill-rule=\"evenodd\" sketch:type=\"MSPage\"><g id=\"Icon-Set-Filled\" sketch:type=\"MSLayerGroup\" transform=\"translate(-311.000000, -361.000000)\"><path d=\"M325,379 L327,379 L327,377 L325,377 L325,379 Z M325,387 L327,387 L327,385 L325,385 L325,387 Z M333,379 L335,379 L335,377 L333,377 L333,379 Z M333,387 L335,387 L335,385 L333,385 L333,387 Z M317,387 L319,387 L319,385 L317,385 L317,387 Z M339,369 L313,369 L313,367 C313,365.896 313.896,365 315,365 L319,365 L319,366 C319,366.553 319.447,367 320,367 C320.553,367 321,366.553 321,366 L321,365 L331,365 L331,366 C331,366.553 331.447,367 332,367 C332.553,367 333,366.553 333,366 L333,365 L337,365 C338.104,365 339,365.896 339,367 L339,369 L339,369 Z M337,379 C337,380.104 336.104,381 335,381 L333,381 C331.896,381 331,380.104 331,379 L331,377 C331,375.896 331.896,375 333,375 L335,375 C336.104,375 337,375.896 337,377 L337,379 L337,379 Z M337,387 C337,388.104 336.104,389 335,389 L333,389 C331.896,389 331,388.104 331,387 L331,385 C331,383.896 331.896,383 333,383 L335,383 C336.104,383 337,383.896 337,385 L337,387 L337,387 Z M329,379 C329,380.104 328.104,381 327,381 L325,381 C323.896,381 323,380.104 323,379 L323,377 C323,375.896 323.896,375 325,375 L327,375 C328.104,375 329,375.896 329,377 L329,379 L329,379 Z M329,387 C329,388.104 328.104,389 327,389 L325,389 C323.896,389 323,388.104 323,387 L323,385 C323,383.896 323.896,383 325,383 L327,383 C328.104,383 329,383.896 329,385 L329,387 L329,387 Z M321,379 C321,380.104 320.104,381 319,381 L317,381 C315.896,381 315,380.104 315,379 L315,377 C315,375.896 315.896,375 317,375 L319,375 C320.104,375 321,375.896 321,377 L321,379 L321,379 Z M321,387 C321,388.104 320.104,389 319,389 L317,389 C315.896,389 315,388.104 315,387 L315,385 C315,383.896 315.896,383 317,383 L319,383 C320.104,383 321,383.896 321,385 L321,387 L321,387 Z M337,363 L333,363 L333,362 C333,361.448 332.553,361 332,361 C331.447,361 331,361.448 331,362 L331,363 L321,363 L321,362 C321,361.448 320.553,361 320,361 C319.447,361 319,361.448 319,362 L319,363 L315,363 C312.791,363 311,364.791 311,367 L311,389 C311,391.209 312.791,393 315,393 L337,393 C339.209,393 341,391.209 341,389 L341,367 C341,364.791 339.209,363 337,363 L337,363 Z M317,379 L319,379 L319,377 L317,377 L317,379 Z\" id=\"calendar\" sketch:type=\"MSShapeGroup\"><\/path><\/g><\/g><\/svg><\/div><\/div>\n\n\n\n<div class=\"wp-block-group has-base-color has-text-color has-link-color wp-elements-15e20f8d21ec2d02a666809edc930995 has-global-padding is-layout-constrained wp-container-core-group-is-layout-f5f3bcb8 wp-block-group-is-layout-constrained\">\n<h3 class=\"wp-block-heading has-medium-font-size\">L\u00e4ngre vistelser<\/h3>\n\n\n\n<p>Stanna l\u00e4ngre och k\u00e4nn dig som hemma \u2013 rymliga rum, rogivande omgivningar och allt du beh\u00f6ver f\u00f6r en perfekt vistelse.<\/p>\n<\/div>\n<\/div>\n<\/div>\n<\/section>","protected":false},"excerpt":{"rendered":"<p>More Than Just a Stay Family Fun Create unforgettable memories near Kolm\u00e5rden Zoo, enjoy nature, and relax in cozy, fully-equipped accommodations. Business Comfort Convenient corporate stays with special offers, modern amenities, and a peaceful retreat after a busy day. Extended Stays Stay longer, feel at home\u2014spacious rooms, serene surroundings, and everything you need for a [&hellip;]<\/p>\n","protected":false},"author":1,"featured_media":0,"parent":0,"menu_order":0,"comment_status":"closed","ping_status":"closed","template":"page-no-title","meta":{"iawp_total_views":2561,"footnotes":""},"class_list":["post-11","page","type-page","status-publish","hentry"],"_links":{"self":[{"href":"https:\/\/motele4.com\/sv\/wp-json\/wp\/v2\/pages\/11","targetHints":{"allow":["GET"]}}],"collection":[{"href":"https:\/\/motele4.com\/sv\/wp-json\/wp\/v2\/pages"}],"about":[{"href":"https:\/\/motele4.com\/sv\/wp-json\/wp\/v2\/types\/page"}],"author":[{"embeddable":true,"href":"https:\/\/motele4.com\/sv\/wp-json\/wp\/v2\/users\/1"}],"replies":[{"embeddable":true,"href":"https:\/\/motele4.com\/sv\/wp-json\/wp\/v2\/comments?post=11"}],"version-history":[{"count":32,"href":"https:\/\/motele4.com\/sv\/wp-json\/wp\/v2\/pages\/11\/revisions"}],"predecessor-version":[{"id":543,"href":"https:\/\/motele4.com\/sv\/wp-json\/wp\/v2\/pages\/11\/revisions\/543"}],"wp:attachment":[{"href":"https:\/\/motele4.com\/sv\/wp-json\/wp\/v2\/media?parent=11"}],"curies":[{"name":"wp","href":"https:\/\/api.w.org\/{rel}","templated":true}]}}